{"id":78,"date":"2025-06-09T13:44:51","date_gmt":"2025-06-09T16:44:51","guid":{"rendered":"https:\/\/www.libermac.com.br\/?page_id=78"},"modified":"2025-06-09T13:58:38","modified_gmt":"2025-06-09T16:58:38","slug":"fale-conosco","status":"publish","type":"page","link":"https:\/\/www.libermac.com.br\/index.php\/fale-conosco\/","title":{"rendered":"Fale Conosco"},"content":{"rendered":"\n<p><\/p>\n\n\n\n<section id=\"contato\" style=\"background-color: #f5f5f5; font-family: Arial, sans-serif; max-width: 700px; margin: auto; padding: 30px; border-radius: 8px;\">\n  <h2>\ud83d\udcde Fale Conosco<\/h2>\n  <p>Tem d\u00favidas, sugest\u00f5es ou deseja uma solu\u00e7\u00e3o personalizada? Nossa equipe est\u00e1 pronta para atender voc\u00ea!<\/p>\n  \n  <ul style=\"list-style: none; padding: 0;\">\n    <li><strong>\ud83d\udce7 E-mail:<\/strong> contato@libermac.com.br<\/li>\n    <li><strong>\ud83d\udcf1 Telefone:<\/strong> (11) 3328-6022<\/li>\n    <li><strong>\ud83d\udccd Endere\u00e7o:<\/strong> Rua Benedito Virg\u00edlio de Moraes, 271 \u2013 Atibaia\/SP<\/li>\n  <\/ul>\n\n  <form action=\"mailto:contato@libermac.com.br\" method=\"post\" enctype=\"text\/plain\" style=\"margin-top: 20px;\">\n    <label for=\"nome\">Nome:<\/label><br>\n    <input type=\"text\" id=\"nome\" name=\"nome\" required style=\"width: 100%; padding: 10px; margin-top: 5px;\"><br><br>\n\n    <label for=\"email\">E-mail:<\/label><br>\n    <input type=\"email\" id=\"email\" name=\"email\" required style=\"width: 100%; padding: 10px; margin-top: 5px;\"><br><br>\n\n    <label for=\"mensagem\">Mensagem:<\/label><br>\n    <textarea id=\"mensagem\" name=\"mensagem\" rows=\"5\" required style=\"width: 100%; padding: 10px; margin-top: 5px;\"><\/textarea><br><br>\n\n    <button type=\"submit\" style=\"padding: 12px 25px; background-color: #0073e6; color: white; border: none; border-radius: 4px; cursor: pointer;\">\n      Enviar Mensagem\n    <\/button>\n  <\/form>\n\n  <div style=\"margin-top: 30px;\">\n    <h3>\ud83d\udccd Localiza\u00e7\u00e3o:<\/h3>\n    <iframe \n      src=\"https:\/\/www.google.com\/maps\/embed?pb=!1m18!1m12!1m3!1d3669.5653836538204!2d-46.53889282490528!3d-23.113000579110448!2m3!1f0!2f0!3f0!3m2!1i1024!2i768!4f13.1!3m3!1m2!1s0x94cec0c06c53f569%3A0x42f4bdd84f6f3e63!2sR.%20Benedito%20Virg%C3%ADlio%20de%20Moraes%2C%20271%20-%2003%20-%20Jardim%20Tapaj%C3%B3s%2C%20Atibaia%20-%20SP%2C%2012945-090!5e0!3m2!1spt-BR!2sbr!4v1749477592764!5m2!1spt-BR!2sbr\" \n      width=\"100%\" \n      height=\"300\" \n      style=\"border:0; border-radius: 8px;\" \n      allowfullscreen=\"\" \n      loading=\"lazy\" \n      referrerpolicy=\"no-referrer-when-downgrade\">\n    <\/iframe>\n  <\/div>\n<\/section>\n\n\n\n\n<div style=\"height:160px\" aria-hidden=\"true\" class=\"wp-block-spacer\"><\/div>\n","protected":false},"excerpt":{"rendered":"<p>\ud83d\udcde Fale Conosco Tem d\u00favidas, sugest\u00f5es ou deseja uma solu\u00e7\u00e3o personalizada? Nossa equipe est\u00e1 pronta para atender voc\u00ea! \ud83d\udce7 E-mail: contato@libermac.com.br \ud83d\udcf1 Telefone: (11) 3328-6022 \ud83d\udccd Endere\u00e7o: Rua Benedito Virg\u00edlio de Moraes, 271 \u2013 Atibaia\/SP Nome: E-mail: Mensagem: Enviar Mensagem \ud83d\udccd Localiza\u00e7\u00e3o:<\/p>\n","protected":false},"author":1,"featured_media":0,"parent":0,"menu_order":0,"comment_status":"closed","ping_status":"closed","template":"","meta":{"neve_meta_sidebar":"","neve_meta_container":"","neve_meta_enable_content_width":"","neve_meta_content_width":0,"neve_meta_title_alignment":"","neve_meta_author_avatar":"","neve_post_elements_order":"","neve_meta_disable_header":"","neve_meta_disable_footer":"","neve_meta_disable_title":"","footnotes":""},"class_list":["post-78","page","type-page","status-publish","hentry"],"_links":{"self":[{"href":"https:\/\/www.libermac.com.br\/index.php\/wp-json\/wp\/v2\/pages\/78","targetHints":{"allow":["GET"]}}],"collection":[{"href":"https:\/\/www.libermac.com.br\/index.php\/wp-json\/wp\/v2\/pages"}],"about":[{"href":"https:\/\/www.libermac.com.br\/index.php\/wp-json\/wp\/v2\/types\/page"}],"author":[{"embeddable":true,"href":"https:\/\/www.libermac.com.br\/index.php\/wp-json\/wp\/v2\/users\/1"}],"replies":[{"embeddable":true,"href":"https:\/\/www.libermac.com.br\/index.php\/wp-json\/wp\/v2\/comments?post=78"}],"version-history":[{"count":4,"href":"https:\/\/www.libermac.com.br\/index.php\/wp-json\/wp\/v2\/pages\/78\/revisions"}],"predecessor-version":[{"id":87,"href":"https:\/\/www.libermac.com.br\/index.php\/wp-json\/wp\/v2\/pages\/78\/revisions\/87"}],"wp:attachment":[{"href":"https:\/\/www.libermac.com.br\/index.php\/wp-json\/wp\/v2\/media?parent=78"}],"curies":[{"name":"wp","href":"https:\/\/api.w.org\/{rel}","templated":true}]}}